{"id":675,"date":"2026-03-04T03:48:40","date_gmt":"2026-03-04T03:48:40","guid":{"rendered":"http:\/\/midas.silverhost.cl\/~maxmotoc\/?post_type=product&#038;p=675"},"modified":"2026-05-02T23:34:22","modified_gmt":"2026-05-02T23:34:22","slug":"maleta-moto-52-litros","status":"publish","type":"product","link":"https:\/\/maxmoto.cl\/?product=maleta-moto-52-litros","title":{"rendered":"Maleta Moto 52 Litros"},"content":{"rendered":"<p>Material: Polipropileno con terminaci\u00f3n simil aluminio<\/p>\n<p>Aplicaciones: detalles tipo fibra de carbono<\/p>\n<p>Compartimento interior: espacio para 1 casco<\/p>\n<p>Base ABS incluida en el kit de instalaci\u00f3n<\/p>\n<p>Sistema de desmontaje: se libera de la base en segundos<\/p>\n<p>Respaldo acolchado para mayor comodidad del pasajero<\/p>\n<p>Seguridad: incluye 2 llaves<\/p>\n<p>Manillas superiores para adicionar carga extra<\/p>\n<p>Compatibilidad universal: requiere parrilla previamente instalada<\/p>\n","protected":false},"excerpt":{"rendered":"<p>Compacta, pr\u00e1ctica y con un dise\u00f1o moderno, la maleta superior es la soluci\u00f3n perfecta para quienes buscan seguridad y estilo en la moto. Con terminaci\u00f3n simil aluminio y detalles tipo fibra de carbono, ofrece un look premium sin sacrificar funcionalidad.<\/p>\n","protected":false},"featured_media":720,"comment_status":"open","ping_status":"closed","template":"","meta":{"site-sidebar-layout":"default","site-content-layout":"","ast-site-content-layout":"default","site-content-style":"default","site-sidebar-style":"default","ast-global-header-display":"","ast-banner-title-visibility":"","ast-main-header-display":"","ast-hfb-above-header-display":"","ast-hfb-below-header-display":"","ast-hfb-mobile-header-display":"","site-post-title":"","ast-breadcrumbs-content":"","ast-featured-img":"","footer-sml-layout":"","ast-disable-related-posts":"","theme-transparent-header-meta":"default","adv-header-id-meta":"","stick-header-meta":"","header-above-stick-meta":"","header-main-stick-meta":"","header-below-stick-meta":"","astra-migrate-meta-layouts":"set","ast-page-background-enabled":"default","ast-page-background-meta":{"desktop":{"background-color":"var(--ast-global-color-5)","background-image":"","background-repeat":"repeat","background-position":"center center","background-size":"auto","background-attachment":"scroll","background-type":"","background-media":"","overlay-type":"","overlay-color":"","overlay-opacity":"","overlay-gradient":""},"tablet":{"background-color":"","background-image":"","background-repeat":"repeat","background-position":"center center","background-size":"auto","background-attachment":"scroll","background-type":"","background-media":"","overlay-type":"","overlay-color":"","overlay-opacity":"","overlay-gradient":""},"mobile":{"background-color":"","background-image":"","background-repeat":"repeat","background-position":"center center","background-size":"auto","background-attachment":"scroll","background-type":"","background-media":"","overlay-type":"","overlay-color":"","overlay-opacity":"","overlay-gradient":""}},"ast-content-background-meta":{"desktop":{"background-color":"var(--ast-global-color-4)","background-image":"","background-repeat":"repeat","background-position":"center center","background-size":"auto","background-attachment":"scroll","background-type":"","background-media":"","overlay-type":"","overlay-color":"","overlay-opacity":"","overlay-gradient":""},"tablet":{"background-color":"var(--ast-global-color-4)","background-image":"","background-repeat":"repeat","background-position":"center center","background-size":"auto","background-attachment":"scroll","background-type":"","background-media":"","overlay-type":"","overlay-color":"","overlay-opacity":"","overlay-gradient":""},"mobile":{"background-color":"var(--ast-global-color-4)","background-image":"","background-repeat":"repeat","background-position":"center center","background-size":"auto","background-attachment":"scroll","background-type":"","background-media":"","overlay-type":"","overlay-color":"","overlay-opacity":"","overlay-gradient":""}}},"product_brand":[37],"product_cat":[22],"product_tag":[169,167,168],"class_list":{"0":"post-675","1":"product","2":"type-product","3":"status-publish","4":"has-post-thumbnail","6":"product_brand-maxmoto","7":"product_cat-accesorios","8":"product_tag-52-litos","9":"product_tag-maleta-de-moto-maleta-plastica","10":"product_tag-top-case-moto","11":"desktop-align-left","12":"tablet-align-left","13":"mobile-align-left","15":"first","16":"outofstock","17":"shipping-taxable","18":"purchasable","19":"product-type-simple"},"jetpack_sharing_enabled":true,"_links":{"self":[{"href":"https:\/\/maxmoto.cl\/index.php?rest_route=\/wp\/v2\/product\/675","targetHints":{"allow":["GET"]}}],"collection":[{"href":"https:\/\/maxmoto.cl\/index.php?rest_route=\/wp\/v2\/product"}],"about":[{"href":"https:\/\/maxmoto.cl\/index.php?rest_route=\/wp\/v2\/types\/product"}],"replies":[{"embeddable":true,"href":"https:\/\/maxmoto.cl\/index.php?rest_route=%2Fwp%2Fv2%2Fcomments&post=675"}],"version-history":[{"count":0,"href":"https:\/\/maxmoto.cl\/index.php?rest_route=\/wp\/v2\/product\/675\/revisions"}],"wp:featuredmedia":[{"embeddable":true,"href":"https:\/\/maxmoto.cl\/index.php?rest_route=\/wp\/v2\/media\/720"}],"wp:attachment":[{"href":"https:\/\/maxmoto.cl\/index.php?rest_route=%2Fwp%2Fv2%2Fmedia&parent=675"}],"wp:term":[{"taxonomy":"product_brand","embeddable":true,"href":"https:\/\/maxmoto.cl\/index.php?rest_route=%2Fwp%2Fv2%2Fproduct_brand&post=675"},{"taxonomy":"product_cat","embeddable":true,"href":"https:\/\/maxmoto.cl\/index.php?rest_route=%2Fwp%2Fv2%2Fproduct_cat&post=675"},{"taxonomy":"product_tag","embeddable":true,"href":"https:\/\/maxmoto.cl\/index.php?rest_route=%2Fwp%2Fv2%2Fproduct_tag&post=675"}],"curies":[{"name":"wp","href":"https:\/\/api.w.org\/{rel}","templated":true}]}}