{"id":644,"date":"2026-03-04T03:48:17","date_gmt":"2026-03-04T03:48:17","guid":{"rendered":"http:\/\/midas.silverhost.cl\/~maxmotoc\/?post_type=product&#038;p=644"},"modified":"2026-05-02T23:34:21","modified_gmt":"2026-05-02T23:34:21","slug":"piola-trenzada-con-candado-de-seguridad","status":"publish","type":"product","link":"https:\/\/maxmoto.cl\/?product=piola-trenzada-con-candado-de-seguridad","title":{"rendered":"Candado de Seguridad de Moto Piola Trenzada"},"content":{"rendered":"<p>Candado con Cable de Acero \u2013 Seguridad pr\u00e1ctica y vers\u00e1til<\/p>\n<p>Este candado con cable de 1,8 metros est\u00e1 dise\u00f1ado para brindar una soluci\u00f3n de seguridad flexible y confiable en el uso diario.<\/p>\n<p> Construcci\u00f3n<\/p>\n<p>Cable de acero trenzado flexible<\/p>\n<p>Largo de 1,8 metros para mayor alcance<\/p>\n<p>Cubierta de vinilo que protege contra cortes y evita rayaduras<\/p>\n<p>Seguridad<\/p>\n<p>Dise\u00f1o resistente frente a intentos de corte<\/p>\n<p>Ideal para asegurar elementos de forma r\u00e1pida y pr\u00e1<\/p>\n","protected":false},"excerpt":{"rendered":"<p>Candado con cable de 150cm de largo, acero trenzado de 1.7cm de espesor,  flexible con cubierta de vinilo que proporciona mayor resistencia a cortes y protege su equipo de los posibles ladrones. Multiuso de seguridad de botes, bicicletas, motos.<\/p>\n","protected":false},"featured_media":689,"comment_status":"open","ping_status":"closed","template":"","meta":{"site-sidebar-layout":"default","site-content-layout":"","ast-site-content-layout":"default","site-content-style":"default","site-sidebar-style":"default","ast-global-header-display":"","ast-banner-title-visibility":"","ast-main-header-display":"","ast-hfb-above-header-display":"","ast-hfb-below-header-display":"","ast-hfb-mobile-header-display":"","site-post-title":"","ast-breadcrumbs-content":"","ast-featured-img":"","footer-sml-layout":"","ast-disable-related-posts":"","theme-transparent-header-meta":"default","adv-header-id-meta":"","stick-header-meta":"","header-above-stick-meta":"","header-main-stick-meta":"","header-below-stick-meta":"","astra-migrate-meta-layouts":"set","ast-page-background-enabled":"default","ast-page-background-meta":{"desktop":{"background-color":"var(--ast-global-color-5)","background-image":"","background-repeat":"repeat","background-position":"center center","background-size":"auto","background-attachment":"scroll","background-type":"","background-media":"","overlay-type":"","overlay-color":"","overlay-opacity":"","overlay-gradient":""},"tablet":{"background-color":"","background-image":"","background-repeat":"repeat","background-position":"center center","background-size":"auto","background-attachment":"scroll","background-type":"","background-media":"","overlay-type":"","overlay-color":"","overlay-opacity":"","overlay-gradient":""},"mobile":{"background-color":"","background-image":"","background-repeat":"repeat","background-position":"center center","background-size":"auto","background-attachment":"scroll","background-type":"","background-media":"","overlay-type":"","overlay-color":"","overlay-opacity":"","overlay-gradient":""}},"ast-content-background-meta":{"desktop":{"background-color":"var(--ast-global-color-4)","background-image":"","background-repeat":"repeat","background-position":"center center","background-size":"auto","background-attachment":"scroll","background-type":"","background-media":"","overlay-type":"","overlay-color":"","overlay-opacity":"","overlay-gradient":""},"tablet":{"background-color":"var(--ast-global-color-4)","background-image":"","background-repeat":"repeat","background-position":"center center","background-size":"auto","background-attachment":"scroll","background-type":"","background-media":"","overlay-type":"","overlay-color":"","overlay-opacity":"","overlay-gradient":""},"mobile":{"background-color":"var(--ast-global-color-4)","background-image":"","background-repeat":"repeat","background-position":"center center","background-size":"auto","background-attachment":"scroll","background-type":"","background-media":"","overlay-type":"","overlay-color":"","overlay-opacity":"","overlay-gradient":""}}},"product_brand":[],"product_cat":[22],"product_tag":[176,173,172,175,177,178,174],"class_list":{"0":"post-644","1":"product","2":"type-product","3":"status-publish","4":"has-post-thumbnail","6":"product_cat-accesorios","7":"product_tag-cable-acero-seguridad","8":"product_tag-candado-cable-bicicleta","9":"product_tag-candado-cable-moto","10":"product_tag-candado-casco-moto","11":"product_tag-candado-flexible-moto","12":"product_tag-candado-multiuso-seguridad","13":"product_tag-candado-seguridad-moto","14":"desktop-align-left","15":"tablet-align-left","16":"mobile-align-left","18":"first","19":"instock","20":"shipping-taxable","21":"purchasable","22":"product-type-simple"},"jetpack_sharing_enabled":true,"_links":{"self":[{"href":"https:\/\/maxmoto.cl\/index.php?rest_route=\/wp\/v2\/product\/644","targetHints":{"allow":["GET"]}}],"collection":[{"href":"https:\/\/maxmoto.cl\/index.php?rest_route=\/wp\/v2\/product"}],"about":[{"href":"https:\/\/maxmoto.cl\/index.php?rest_route=\/wp\/v2\/types\/product"}],"replies":[{"embeddable":true,"href":"https:\/\/maxmoto.cl\/index.php?rest_route=%2Fwp%2Fv2%2Fcomments&post=644"}],"version-history":[{"count":0,"href":"https:\/\/maxmoto.cl\/index.php?rest_route=\/wp\/v2\/product\/644\/revisions"}],"wp:featuredmedia":[{"embeddable":true,"href":"https:\/\/maxmoto.cl\/index.php?rest_route=\/wp\/v2\/media\/689"}],"wp:attachment":[{"href":"https:\/\/maxmoto.cl\/index.php?rest_route=%2Fwp%2Fv2%2Fmedia&parent=644"}],"wp:term":[{"taxonomy":"product_brand","embeddable":true,"href":"https:\/\/maxmoto.cl\/index.php?rest_route=%2Fwp%2Fv2%2Fproduct_brand&post=644"},{"taxonomy":"product_cat","embeddable":true,"href":"https:\/\/maxmoto.cl\/index.php?rest_route=%2Fwp%2Fv2%2Fproduct_cat&post=644"},{"taxonomy":"product_tag","embeddable":true,"href":"https:\/\/maxmoto.cl\/index.php?rest_route=%2Fwp%2Fv2%2Fproduct_tag&post=644"}],"curies":[{"name":"wp","href":"https:\/\/api.w.org\/{rel}","templated":true}]}}